{"id":32,"date":"2023-01-31T21:06:15","date_gmt":"2023-01-31T20:06:15","guid":{"rendered":"https:\/\/dot.consla.hu\/?page_id=32"},"modified":"2024-04-10T18:38:01","modified_gmt":"2024-04-10T16:38:01","slug":"repertoar","status":"publish","type":"page","link":"https:\/\/dot.consla.hu\/en\/repertoar\/","title":{"rendered":"Repertoire"},"content":{"rendered":"<p>[et_pb_section fb_built=&#8221;1&#8243; custom_padding_last_edited=&#8221;off|phone&#8221; admin_label=&#8221;Header&#8221; _builder_version=&#8221;4.24.2&#8243; use_background_color_gradient=&#8221;on&#8221; background_color_gradient_stops=&#8221;rgba(255,255,255,0) 0%|rgba(255,255,255,0) 100%&#8221; background_color_gradient_overlays_image=&#8221;on&#8221; background_color_gradient_start=&#8221;rgba(0,0,0,0.5)&#8221; background_color_gradient_end=&#8221;#000000&#8243; background_image=&#8221;https:\/\/dot.consla.hu\/wp-content\/uploads\/2024\/02\/BOB_6787.jpg&#8221; background_position=&#8221;top_center&#8221; background_vertical_offset=&#8221;26%&#8221; custom_padding=&#8221;10vw||10vw||true|false&#8221; locked=&#8221;off&#8221; collapsed=&#8221;on&#8221; global_colors_info=&#8221;{}&#8221;][et_pb_row _builder_version=&#8221;4.16&#8243; global_colors_info=&#8221;{}&#8221;][et_pb_column type=&#8221;4_4&#8243; _builder_version=&#8221;4.16&#8243; global_colors_info=&#8221;{}&#8221;][et_pb_text _builder_version=&#8221;4.24.2&#8243; text_text_color=&#8221;rgba(255,255,255,0.5)&#8221; text_font_size=&#8221;16px&#8221; text_line_height=&#8221;1.8em&#8221; header_font=&#8221;Montserrat|300||on|||||&#8221; header_font_size=&#8221;6vw&#8221; header_line_height=&#8221;1.2em&#8221; header_3_font=&#8221;Montserrat|700||on|||||&#8221; header_3_text_color=&#8221;#6e42ff&#8221; header_3_font_size=&#8221;16px&#8221; header_3_letter_spacing=&#8221;2px&#8221; header_3_line_height=&#8221;1.4em&#8221; background_layout=&#8221;dark&#8221; header_3_font_size_tablet=&#8221;14px&#8221; header_3_font_size_phone=&#8221;&#8221; header_3_font_size_last_edited=&#8221;on|phone&#8221; text_text_align=&#8221;left&#8221; locked=&#8221;off&#8221; global_colors_info=&#8221;{}&#8221;]<\/p>\n<h3>Performances<\/h3>\n<h1><strong>Repertoire<\/strong><\/h1>\n<p>[\/et_pb_text][\/et_pb_column][\/et_pb_row][\/et_pb_section][et_pb_section fb_built=&#8221;1&#8243; admin_label=&#8221;Movies&#8221; _builder_version=&#8221;4.24.2&#8243; background_color=&#8221;#222222&#8243; locked=&#8221;off&#8221; collapsed=&#8221;off&#8221; global_colors_info=&#8221;{}&#8221;][et_pb_row use_custom_gutter=&#8221;on&#8221; gutter_width=&#8221;2&#8243; _builder_version=&#8221;4.24.2&#8243; width_tablet=&#8221;80%&#8221; width_last_edited=&#8221;off|tablet&#8221; max_width=&#8221;none&#8221; hover_enabled=&#8221;0&#8243; locked=&#8221;off&#8221; collapsed=&#8221;off&#8221; global_colors_info=&#8221;{}&#8221; sticky_enabled=&#8221;0&#8243;][et_pb_column type=&#8221;4_4&#8243; _builder_version=&#8221;4.24.2&#8243; hover_enabled=&#8221;0&#8243; global_colors_info=&#8221;{}&#8221; sticky_enabled=&#8221;0&#8243;][et_pb_portfolio fullwidth=&#8221;off&#8221; posts_number=&#8221;8&#8243; include_categories=&#8221;5&#8243; show_categories=&#8221;off&#8221; show_pagination=&#8221;off&#8221; hover_overlay_color=&#8221;rgba(110,66,255,0.3)&#8221; hover_icon=&#8221;&#x55;||divi||400&#8243; _builder_version=&#8221;4.24.2&#8243; _module_preset=&#8221;default&#8221; title_font=&#8221;Montserrat|600|||||||&#8221; title_text_color=&#8221;#FFFFFF&#8221; hover_enabled=&#8221;0&#8243; global_colors_info=&#8221;{}&#8221; sticky_enabled=&#8221;0&#8243;][\/et_pb_portfolio][\/et_pb_column][\/et_pb_row][\/et_pb_section]<\/p>","protected":false},"excerpt":{"rendered":"<p>El\u0151ad\u00e1sok Reperto\u00e1r<\/p>","protected":false},"author":1,"featured_media":222,"parent":0,"menu_order":0,"comment_status":"closed","ping_status":"closed","template":"","meta":{"_et_pb_use_builder":"on","_et_pb_old_content":"","_et_gb_content_width":"","footnotes":""},"class_list":["post-32","page","type-page","status-publish","has-post-thumbnail","hentry"],"yoast_head":"<!-- This site is optimized with the Yoast SEO Premium plugin v22.4 (Yoast SEO v22.4) - https:\/\/yoast.com\/wordpress\/plugins\/seo\/ -->\n<title>Reperto\u00e1r | dot.Consla t\u00e1rsulat<\/title>\n<meta name=\"robots\" content=\"index, follow, max-snippet:-1, max-image-preview:large, max-video-preview:-1\" \/>\n<link rel=\"canonical\" href=\"https:\/\/dot.consla.hu\/en\/repertoar\/\" \/>\n<meta property=\"og:locale\" content=\"en_US\" \/>\n<meta property=\"og:type\" content=\"article\" \/>\n<meta property=\"og:title\" content=\"Reperto\u00e1r\" \/>\n<meta property=\"og:description\" content=\"El\u0151ad\u00e1sok Reperto\u00e1r\" \/>\n<meta property=\"og:url\" content=\"https:\/\/dot.consla.hu\/en\/repertoar\/\" \/>\n<meta property=\"og:site_name\" content=\"dot.Consla t\u00e1rsulat\" \/>\n<meta property=\"article:modified_time\" content=\"2024-04-10T16:38:01+00:00\" \/>\n<meta property=\"og:image\" content=\"https:\/\/dot.consla.hu\/wp-content\/uploads\/2023\/02\/SOS-Lebeges-bobal-photography_5559.jpg\" \/>\n\t<meta property=\"og:image:width\" content=\"1200\" \/>\n\t<meta property=\"og:image:height\" content=\"798\" \/>\n\t<meta property=\"og:image:type\" content=\"image\/jpeg\" \/>\n<meta name=\"twitter:card\" content=\"summary_large_image\" \/>\n<script type=\"application\/ld+json\" class=\"yoast-schema-graph\">{\"@context\":\"https:\/\/schema.org\",\"@graph\":[{\"@type\":\"WebPage\",\"@id\":\"https:\/\/dot.consla.hu\/hu\/repertoar\/\",\"url\":\"https:\/\/dot.consla.hu\/hu\/repertoar\/\",\"name\":\"Reperto\u00e1r | dot.Consla t\u00e1rsulat\",\"isPartOf\":{\"@id\":\"https:\/\/dot.consla.hu\/#website\"},\"primaryImageOfPage\":{\"@id\":\"https:\/\/dot.consla.hu\/hu\/repertoar\/#primaryimage\"},\"image\":{\"@id\":\"https:\/\/dot.consla.hu\/hu\/repertoar\/#primaryimage\"},\"thumbnailUrl\":\"https:\/\/dot.consla.hu\/wp-content\/uploads\/2023\/02\/SOS-Lebeges-bobal-photography_5559.jpg\",\"datePublished\":\"2023-01-31T20:06:15+00:00\",\"dateModified\":\"2024-04-10T16:38:01+00:00\",\"breadcrumb\":{\"@id\":\"https:\/\/dot.consla.hu\/hu\/repertoar\/#breadcrumb\"},\"inLanguage\":\"en-US\",\"potentialAction\":[{\"@type\":\"ReadAction\",\"target\":[\"https:\/\/dot.consla.hu\/hu\/repertoar\/\"]}]},{\"@type\":\"ImageObject\",\"inLanguage\":\"en-US\",\"@id\":\"https:\/\/dot.consla.hu\/hu\/repertoar\/#primaryimage\",\"url\":\"https:\/\/dot.consla.hu\/wp-content\/uploads\/2023\/02\/SOS-Lebeges-bobal-photography_5559.jpg\",\"contentUrl\":\"https:\/\/dot.consla.hu\/wp-content\/uploads\/2023\/02\/SOS-Lebeges-bobal-photography_5559.jpg\",\"width\":1200,\"height\":798,\"caption\":\"SOS Lebeg\u00e9s - bobal photography\"},{\"@type\":\"BreadcrumbList\",\"@id\":\"https:\/\/dot.consla.hu\/hu\/repertoar\/#breadcrumb\",\"itemListElement\":[{\"@type\":\"ListItem\",\"position\":1,\"name\":\"Home\",\"item\":\"https:\/\/dot.consla.hu\/hu\/\"},{\"@type\":\"ListItem\",\"position\":2,\"name\":\"Reperto\u00e1r\"}]},{\"@type\":\"WebSite\",\"@id\":\"https:\/\/dot.consla.hu\/#website\",\"url\":\"https:\/\/dot.consla.hu\/\",\"name\":\"dot.Consla t\u00e1rsulat\",\"description\":\"A dot.Consla 2013 \u00f3ta m\u0171k\u00f6d\u0151 projekt t\u00e1rsulat, profilja Z-Ujsz\u00e1szi Dorottya \u00e1ltal l\u00e9trehozott CONSLA t\u00e1ncnyelv bemutat\u00e1sa, kort\u00e1rs t\u00e1ncsz\u00ednh\u00e1zi el\u0151ad\u00e1sok l\u00e9trehoz\u00e1sa.\",\"potentialAction\":[{\"@type\":\"SearchAction\",\"target\":{\"@type\":\"EntryPoint\",\"urlTemplate\":\"https:\/\/dot.consla.hu\/?s={search_term_string}\"},\"query-input\":\"required name=search_term_string\"}],\"inLanguage\":\"en-US\"}]}<\/script>\n<!-- \/ Yoast SEO Premium plugin. -->","yoast_head_json":{"title":"Reperto\u00e1r | dot.Consla t\u00e1rsulat","robots":{"index":"index","follow":"follow","max-snippet":"max-snippet:-1","max-image-preview":"max-image-preview:large","max-video-preview":"max-video-preview:-1"},"canonical":"https:\/\/dot.consla.hu\/en\/repertoar\/","og_locale":"en_US","og_type":"article","og_title":"Reperto\u00e1r","og_description":"El\u0151ad\u00e1sok Reperto\u00e1r","og_url":"https:\/\/dot.consla.hu\/en\/repertoar\/","og_site_name":"dot.Consla t\u00e1rsulat","article_modified_time":"2024-04-10T16:38:01+00:00","og_image":[{"width":1200,"height":798,"url":"https:\/\/dot.consla.hu\/wp-content\/uploads\/2023\/02\/SOS-Lebeges-bobal-photography_5559.jpg","type":"image\/jpeg"}],"twitter_card":"summary_large_image","schema":{"@context":"https:\/\/schema.org","@graph":[{"@type":"WebPage","@id":"https:\/\/dot.consla.hu\/hu\/repertoar\/","url":"https:\/\/dot.consla.hu\/hu\/repertoar\/","name":"Reperto\u00e1r | dot.Consla t\u00e1rsulat","isPartOf":{"@id":"https:\/\/dot.consla.hu\/#website"},"primaryImageOfPage":{"@id":"https:\/\/dot.consla.hu\/hu\/repertoar\/#primaryimage"},"image":{"@id":"https:\/\/dot.consla.hu\/hu\/repertoar\/#primaryimage"},"thumbnailUrl":"https:\/\/dot.consla.hu\/wp-content\/uploads\/2023\/02\/SOS-Lebeges-bobal-photography_5559.jpg","datePublished":"2023-01-31T20:06:15+00:00","dateModified":"2024-04-10T16:38:01+00:00","breadcrumb":{"@id":"https:\/\/dot.consla.hu\/hu\/repertoar\/#breadcrumb"},"inLanguage":"en-US","potentialAction":[{"@type":"ReadAction","target":["https:\/\/dot.consla.hu\/hu\/repertoar\/"]}]},{"@type":"ImageObject","inLanguage":"en-US","@id":"https:\/\/dot.consla.hu\/hu\/repertoar\/#primaryimage","url":"https:\/\/dot.consla.hu\/wp-content\/uploads\/2023\/02\/SOS-Lebeges-bobal-photography_5559.jpg","contentUrl":"https:\/\/dot.consla.hu\/wp-content\/uploads\/2023\/02\/SOS-Lebeges-bobal-photography_5559.jpg","width":1200,"height":798,"caption":"SOS Lebeg\u00e9s - bobal photography"},{"@type":"BreadcrumbList","@id":"https:\/\/dot.consla.hu\/hu\/repertoar\/#breadcrumb","itemListElement":[{"@type":"ListItem","position":1,"name":"Home","item":"https:\/\/dot.consla.hu\/hu\/"},{"@type":"ListItem","position":2,"name":"Reperto\u00e1r"}]},{"@type":"WebSite","@id":"https:\/\/dot.consla.hu\/#website","url":"https:\/\/dot.consla.hu\/","name":"dot.Consla t\u00e1rsulat","description":"A dot.Consla 2013 \u00f3ta m\u0171k\u00f6d\u0151 projekt t\u00e1rsulat, profilja Z-Ujsz\u00e1szi Dorottya \u00e1ltal l\u00e9trehozott CONSLA t\u00e1ncnyelv bemutat\u00e1sa, kort\u00e1rs t\u00e1ncsz\u00ednh\u00e1zi el\u0151ad\u00e1sok l\u00e9trehoz\u00e1sa.","potentialAction":[{"@type":"SearchAction","target":{"@type":"EntryPoint","urlTemplate":"https:\/\/dot.consla.hu\/?s={search_term_string}"},"query-input":"required name=search_term_string"}],"inLanguage":"en-US"}]}},"_links":{"self":[{"href":"https:\/\/dot.consla.hu\/en\/wp-json\/wp\/v2\/pages\/32","targetHints":{"allow":["GET"]}}],"collection":[{"href":"https:\/\/dot.consla.hu\/en\/wp-json\/wp\/v2\/pages"}],"about":[{"href":"https:\/\/dot.consla.hu\/en\/wp-json\/wp\/v2\/types\/page"}],"author":[{"embeddable":true,"href":"https:\/\/dot.consla.hu\/en\/wp-json\/wp\/v2\/users\/1"}],"replies":[{"embeddable":true,"href":"https:\/\/dot.consla.hu\/en\/wp-json\/wp\/v2\/comments?post=32"}],"version-history":[{"count":21,"href":"https:\/\/dot.consla.hu\/en\/wp-json\/wp\/v2\/pages\/32\/revisions"}],"predecessor-version":[{"id":224131,"href":"https:\/\/dot.consla.hu\/en\/wp-json\/wp\/v2\/pages\/32\/revisions\/224131"}],"wp:featuredmedia":[{"embeddable":true,"href":"https:\/\/dot.consla.hu\/en\/wp-json\/wp\/v2\/media\/222"}],"wp:attachment":[{"href":"https:\/\/dot.consla.hu\/en\/wp-json\/wp\/v2\/media?parent=32"}],"curies":[{"name":"wp","href":"https:\/\/api.w.org\/{rel}","templated":true}]}}