{"id":59,"date":"2023-01-31T21:19:42","date_gmt":"2023-01-31T20:19:42","guid":{"rendered":"https:\/\/dot.consla.hu\/?page_id=59"},"modified":"2024-02-24T10:00:47","modified_gmt":"2024-02-24T09:00:47","slug":"adatkezelesi-tajekoztato","status":"publish","type":"page","link":"https:\/\/dot.consla.hu\/hu\/adatkezelesi-tajekoztato\/","title":{"rendered":"Adatkezel\u00e9si t\u00e1j\u00e9koztat\u00f3"},"content":{"rendered":"<p>[et_pb_section fb_built=&#8221;1&#8243; admin_label=&#8221;Header&#8221; _builder_version=&#8221;4.24.2&#8243; use_background_color_gradient=&#8221;on&#8221; background_color_gradient_stops=&#8221;rgba(0,0,0,0.13) 0%|rgba(0,0,0,0.4) 100%&#8221; background_color_gradient_overlays_image=&#8221;on&#8221; background_color_gradient_start=&#8221;rgba(0,0,0,0.5)&#8221; background_color_gradient_end=&#8221;#000000&#8243; background_image=&#8221;https:\/\/dot.consla.hu\/wp-content\/uploads\/2024\/01\/1-Foto_Dusa-Gabor.jpg&#8221; background_position=&#8221;top_center&#8221; background_vertical_offset=&#8221;40%&#8221; locked=&#8221;off&#8221; global_colors_info=&#8221;{}&#8221; theme_builder_area=&#8221;post_content&#8221;][et_pb_row _builder_version=&#8221;4.16&#8243; global_colors_info=&#8221;{}&#8221; theme_builder_area=&#8221;post_content&#8221;][et_pb_column type=&#8221;4_4&#8243; _builder_version=&#8221;4.16&#8243; global_colors_info=&#8221;{}&#8221; theme_builder_area=&#8221;post_content&#8221;][et_pb_text _builder_version=&#8221;4.24.2&#8243; text_text_color=&#8221;rgba(255,255,255,0.5)&#8221; text_font_size=&#8221;16px&#8221; text_line_height=&#8221;1.8em&#8221; header_font=&#8221;Montserrat|300||on|||||&#8221; header_font_size=&#8221;6vw&#8221; header_line_height=&#8221;1.2em&#8221; header_3_font=&#8221;Montserrat|700||on|||||&#8221; header_3_text_color=&#8221;#6e42ff&#8221; header_3_font_size=&#8221;16px&#8221; header_3_letter_spacing=&#8221;2px&#8221; header_3_line_height=&#8221;1.4em&#8221; background_layout=&#8221;dark&#8221; hover_enabled=&#8221;0&#8243; header_3_font_size_tablet=&#8221;14px&#8221; header_3_font_size_phone=&#8221;&#8221; header_3_font_size_last_edited=&#8221;on|phone&#8221; text_text_align=&#8221;left&#8221; locked=&#8221;off&#8221; global_colors_info=&#8221;{}&#8221; theme_builder_area=&#8221;post_content&#8221; sticky_enabled=&#8221;0&#8243;]<\/p>\n<h3>Consla<\/h3>\n<h1><b>Adatkezel\u00e9si t\u00e1j\u00e9koztat\u00f3<\/b><\/h1>\n<p>[\/et_pb_text][\/et_pb_column][\/et_pb_row][\/et_pb_section][et_pb_section fb_built=&#8221;1&#8243; admin_label=&#8221;Showtime&#8221; _builder_version=&#8221;4.24.2&#8243; background_color=&#8221;#222222&#8243; locked=&#8221;off&#8221; global_colors_info=&#8221;{}&#8221; theme_builder_area=&#8221;post_content&#8221;][et_pb_row custom_padding_last_edited=&#8221;on|phone&#8221; _builder_version=&#8221;4.16&#8243; custom_padding=&#8221;40px|40px|40px|40px|true|true&#8221; custom_padding_tablet=&#8221;30px|30px|30px|30px|true|true&#8221; custom_padding_phone=&#8221;20px|20px|20px|20px|true|true&#8221; border_width_all=&#8221;4px&#8221; border_color_all=&#8221;rgba(110,66,255,0.3)&#8221; locked=&#8221;off&#8221; global_colors_info=&#8221;{}&#8221; theme_builder_area=&#8221;post_content&#8221;][et_pb_column type=&#8221;4_4&#8243; saved_specialty_column_type=&#8221;2_3&#8243; _builder_version=&#8221;4.16&#8243; global_colors_info=&#8221;{}&#8221; theme_builder_area=&#8221;post_content&#8221;][et_pb_text _builder_version=&#8221;4.24.2&#8243; header_3_font=&#8221;Montserrat|700|||||||&#8221; header_3_font_size=&#8221;40px&#8221; header_3_line_height=&#8221;1.2em&#8221; background_layout=&#8221;dark&#8221; hover_enabled=&#8221;0&#8243; header_3_font_size_tablet=&#8221;30px&#8221; header_3_font_size_phone=&#8221;20px&#8221; header_3_font_size_last_edited=&#8221;on|phone&#8221; global_colors_info=&#8221;{}&#8221; theme_builder_area=&#8221;post_content&#8221; sticky_enabled=&#8221;0&#8243;]<\/p>\n<h3>Hamarosan&#8230;<\/h3>\n<p>[\/et_pb_text][\/et_pb_column][\/et_pb_row][\/et_pb_section]<\/p>\n","protected":false},"excerpt":{"rendered":"<p>Consla Adatkezel\u00e9si t\u00e1j\u00e9koztat\u00f3Hamarosan&#8230;<\/p>\n","protected":false},"author":1,"featured_media":475,"parent":0,"menu_order":0,"comment_status":"closed","ping_status":"closed","template":"","meta":{"_et_pb_use_builder":"on","_et_pb_old_content":"","_et_gb_content_width":"","footnotes":""},"class_list":["post-59","page","type-page","status-publish","has-post-thumbnail","hentry"],"yoast_head":"<!-- This site is optimized with the Yoast SEO Premium plugin v22.4 (Yoast SEO v22.4) - https:\/\/yoast.com\/wordpress\/plugins\/seo\/ -->\n<title>Adatkezel\u00e9si t\u00e1j\u00e9koztat\u00f3 | dot.Consla t\u00e1rsulat<\/title>\n<meta name=\"robots\" content=\"index, follow, max-snippet:-1, max-image-preview:large, max-video-preview:-1\" \/>\n<link rel=\"canonical\" href=\"https:\/\/dot.consla.hu\/hu\/adatkezelesi-tajekoztato\/\" \/>\n<meta property=\"og:locale\" content=\"hu_HU\" \/>\n<meta property=\"og:type\" content=\"article\" \/>\n<meta property=\"og:title\" content=\"Adatkezel\u00e9si t\u00e1j\u00e9koztat\u00f3\" \/>\n<meta property=\"og:description\" content=\"Consla Adatkezel\u00e9si t\u00e1j\u00e9koztat\u00f3Hamarosan...\" \/>\n<meta property=\"og:url\" content=\"https:\/\/dot.consla.hu\/hu\/adatkezelesi-tajekoztato\/\" \/>\n<meta property=\"og:site_name\" content=\"dot.Consla t\u00e1rsulat\" \/>\n<meta property=\"article:modified_time\" content=\"2024-02-24T09:00:47+00:00\" \/>\n<meta property=\"og:image\" content=\"https:\/\/dot.consla.hu\/wp-content\/uploads\/2023\/05\/dot_logo_03_that-is-the-one.png\" \/>\n\t<meta property=\"og:image:width\" content=\"512\" \/>\n\t<meta property=\"og:image:height\" content=\"217\" \/>\n\t<meta property=\"og:image:type\" content=\"image\/png\" \/>\n<meta name=\"twitter:card\" content=\"summary_large_image\" \/>\n<script type=\"application\/ld+json\" class=\"yoast-schema-graph\">{\"@context\":\"https:\/\/schema.org\",\"@graph\":[{\"@type\":\"WebPage\",\"@id\":\"https:\/\/dot.consla.hu\/adatkezelesi-tajekoztato\/\",\"url\":\"https:\/\/dot.consla.hu\/adatkezelesi-tajekoztato\/\",\"name\":\"Adatkezel\u00e9si t\u00e1j\u00e9koztat\u00f3 | dot.Consla t\u00e1rsulat\",\"isPartOf\":{\"@id\":\"https:\/\/dot.consla.hu\/#website\"},\"primaryImageOfPage\":{\"@id\":\"https:\/\/dot.consla.hu\/adatkezelesi-tajekoztato\/#primaryimage\"},\"image\":{\"@id\":\"https:\/\/dot.consla.hu\/adatkezelesi-tajekoztato\/#primaryimage\"},\"thumbnailUrl\":\"https:\/\/dot.consla.hu\/wp-content\/uploads\/2023\/05\/dot_logo_03_that-is-the-one.png\",\"datePublished\":\"2023-01-31T20:19:42+00:00\",\"dateModified\":\"2024-02-24T09:00:47+00:00\",\"breadcrumb\":{\"@id\":\"https:\/\/dot.consla.hu\/adatkezelesi-tajekoztato\/#breadcrumb\"},\"inLanguage\":\"hu\",\"potentialAction\":[{\"@type\":\"ReadAction\",\"target\":[\"https:\/\/dot.consla.hu\/adatkezelesi-tajekoztato\/\"]}]},{\"@type\":\"ImageObject\",\"inLanguage\":\"hu\",\"@id\":\"https:\/\/dot.consla.hu\/adatkezelesi-tajekoztato\/#primaryimage\",\"url\":\"https:\/\/dot.consla.hu\/wp-content\/uploads\/2023\/05\/dot_logo_03_that-is-the-one.png\",\"contentUrl\":\"https:\/\/dot.consla.hu\/wp-content\/uploads\/2023\/05\/dot_logo_03_that-is-the-one.png\",\"width\":512,\"height\":217,\"caption\":\"dot.Consla logo\"},{\"@type\":\"BreadcrumbList\",\"@id\":\"https:\/\/dot.consla.hu\/adatkezelesi-tajekoztato\/#breadcrumb\",\"itemListElement\":[{\"@type\":\"ListItem\",\"position\":1,\"name\":\"Home\",\"item\":\"https:\/\/dot.consla.hu\/hu\/\"},{\"@type\":\"ListItem\",\"position\":2,\"name\":\"Adatkezel\u00e9si t\u00e1j\u00e9koztat\u00f3\"}]},{\"@type\":\"WebSite\",\"@id\":\"https:\/\/dot.consla.hu\/#website\",\"url\":\"https:\/\/dot.consla.hu\/\",\"name\":\"dot.Consla t\u00e1rsulat\",\"description\":\"A dot.Consla 2013 \u00f3ta m\u0171k\u00f6d\u0151 projekt t\u00e1rsulat, profilja Z-Ujsz\u00e1szi Dorottya \u00e1ltal l\u00e9trehozott CONSLA t\u00e1ncnyelv bemutat\u00e1sa, kort\u00e1rs t\u00e1ncsz\u00ednh\u00e1zi el\u0151ad\u00e1sok l\u00e9trehoz\u00e1sa.\",\"potentialAction\":[{\"@type\":\"SearchAction\",\"target\":{\"@type\":\"EntryPoint\",\"urlTemplate\":\"https:\/\/dot.consla.hu\/?s={search_term_string}\"},\"query-input\":\"required name=search_term_string\"}],\"inLanguage\":\"hu\"}]}<\/script>\n<!-- \/ Yoast SEO Premium plugin. -->","yoast_head_json":{"title":"Adatkezel\u00e9si t\u00e1j\u00e9koztat\u00f3 | dot.Consla t\u00e1rsulat","robots":{"index":"index","follow":"follow","max-snippet":"max-snippet:-1","max-image-preview":"max-image-preview:large","max-video-preview":"max-video-preview:-1"},"canonical":"https:\/\/dot.consla.hu\/hu\/adatkezelesi-tajekoztato\/","og_locale":"hu_HU","og_type":"article","og_title":"Adatkezel\u00e9si t\u00e1j\u00e9koztat\u00f3","og_description":"Consla Adatkezel\u00e9si t\u00e1j\u00e9koztat\u00f3Hamarosan...","og_url":"https:\/\/dot.consla.hu\/hu\/adatkezelesi-tajekoztato\/","og_site_name":"dot.Consla t\u00e1rsulat","article_modified_time":"2024-02-24T09:00:47+00:00","og_image":[{"width":512,"height":217,"url":"https:\/\/dot.consla.hu\/wp-content\/uploads\/2023\/05\/dot_logo_03_that-is-the-one.png","type":"image\/png"}],"twitter_card":"summary_large_image","schema":{"@context":"https:\/\/schema.org","@graph":[{"@type":"WebPage","@id":"https:\/\/dot.consla.hu\/adatkezelesi-tajekoztato\/","url":"https:\/\/dot.consla.hu\/adatkezelesi-tajekoztato\/","name":"Adatkezel\u00e9si t\u00e1j\u00e9koztat\u00f3 | dot.Consla t\u00e1rsulat","isPartOf":{"@id":"https:\/\/dot.consla.hu\/#website"},"primaryImageOfPage":{"@id":"https:\/\/dot.consla.hu\/adatkezelesi-tajekoztato\/#primaryimage"},"image":{"@id":"https:\/\/dot.consla.hu\/adatkezelesi-tajekoztato\/#primaryimage"},"thumbnailUrl":"https:\/\/dot.consla.hu\/wp-content\/uploads\/2023\/05\/dot_logo_03_that-is-the-one.png","datePublished":"2023-01-31T20:19:42+00:00","dateModified":"2024-02-24T09:00:47+00:00","breadcrumb":{"@id":"https:\/\/dot.consla.hu\/adatkezelesi-tajekoztato\/#breadcrumb"},"inLanguage":"hu","potentialAction":[{"@type":"ReadAction","target":["https:\/\/dot.consla.hu\/adatkezelesi-tajekoztato\/"]}]},{"@type":"ImageObject","inLanguage":"hu","@id":"https:\/\/dot.consla.hu\/adatkezelesi-tajekoztato\/#primaryimage","url":"https:\/\/dot.consla.hu\/wp-content\/uploads\/2023\/05\/dot_logo_03_that-is-the-one.png","contentUrl":"https:\/\/dot.consla.hu\/wp-content\/uploads\/2023\/05\/dot_logo_03_that-is-the-one.png","width":512,"height":217,"caption":"dot.Consla logo"},{"@type":"BreadcrumbList","@id":"https:\/\/dot.consla.hu\/adatkezelesi-tajekoztato\/#breadcrumb","itemListElement":[{"@type":"ListItem","position":1,"name":"Home","item":"https:\/\/dot.consla.hu\/hu\/"},{"@type":"ListItem","position":2,"name":"Adatkezel\u00e9si t\u00e1j\u00e9koztat\u00f3"}]},{"@type":"WebSite","@id":"https:\/\/dot.consla.hu\/#website","url":"https:\/\/dot.consla.hu\/","name":"dot.Consla t\u00e1rsulat","description":"A dot.Consla 2013 \u00f3ta m\u0171k\u00f6d\u0151 projekt t\u00e1rsulat, profilja Z-Ujsz\u00e1szi Dorottya \u00e1ltal l\u00e9trehozott CONSLA t\u00e1ncnyelv bemutat\u00e1sa, kort\u00e1rs t\u00e1ncsz\u00ednh\u00e1zi el\u0151ad\u00e1sok l\u00e9trehoz\u00e1sa.","potentialAction":[{"@type":"SearchAction","target":{"@type":"EntryPoint","urlTemplate":"https:\/\/dot.consla.hu\/?s={search_term_string}"},"query-input":"required name=search_term_string"}],"inLanguage":"hu"}]}},"_links":{"self":[{"href":"https:\/\/dot.consla.hu\/hu\/wp-json\/wp\/v2\/pages\/59","targetHints":{"allow":["GET"]}}],"collection":[{"href":"https:\/\/dot.consla.hu\/hu\/wp-json\/wp\/v2\/pages"}],"about":[{"href":"https:\/\/dot.consla.hu\/hu\/wp-json\/wp\/v2\/types\/page"}],"author":[{"embeddable":true,"href":"https:\/\/dot.consla.hu\/hu\/wp-json\/wp\/v2\/users\/1"}],"replies":[{"embeddable":true,"href":"https:\/\/dot.consla.hu\/hu\/wp-json\/wp\/v2\/comments?post=59"}],"version-history":[{"count":2,"href":"https:\/\/dot.consla.hu\/hu\/wp-json\/wp\/v2\/pages\/59\/revisions"}],"predecessor-version":[{"id":223941,"href":"https:\/\/dot.consla.hu\/hu\/wp-json\/wp\/v2\/pages\/59\/revisions\/223941"}],"wp:featuredmedia":[{"embeddable":true,"href":"https:\/\/dot.consla.hu\/hu\/wp-json\/wp\/v2\/media\/475"}],"wp:attachment":[{"href":"https:\/\/dot.consla.hu\/hu\/wp-json\/wp\/v2\/media?parent=59"}],"curies":[{"name":"wp","href":"https:\/\/api.w.org\/{rel}","templated":true}]}}